{"id":2191,"date":"2022-08-06T17:47:10","date_gmt":"2022-08-06T17:47:10","guid":{"rendered":"https:\/\/anticamacelleriapellegrini.it\/?post_type=product&#038;p=2191"},"modified":"2023-03-22T20:32:01","modified_gmt":"2023-03-22T20:32:01","slug":"zazzicchia-di-patrica","status":"publish","type":"product","link":"https:\/\/anticamacelleriapellegrini.it\/index.php\/prodotto\/zazzicchia-di-patrica\/","title":{"rendered":"Zazzicchia di Patrica Fresca"},"content":{"rendered":"<div class=\"cxmmr5t8 oygrvhab hcukyx3x c1et5uql o9v6fnle ii04i59q\">\n<div dir=\"auto\"><strong>La zazzicchia di Patrica<\/strong>: una cosa tanto buona non poteva che essere stata creata da una donna, nonna Felicola!<\/div>\n<\/div>\n<div class=\"cxmmr5t8 oygrvhab hcukyx3x c1et5uql o9v6fnle ii04i59q\">\n<div dir=\"auto\">Una ricetta di famiglia che risale ai primi anni nel &#8216;900 frutto dell&#8217;unione perfetta di ingredienti dei pi\u00f9 ricercati ingredienti di zona: le carni provenienti da maiali locali, il finocchio selvatico dei Monti Lepini che circondano Patrica, la scorza d\u2019arancio ricavata dai ricchi pranzi di famiglia, il peperoncino e l\u2019aglio coltivati nell\u2019orto di casa.<\/div>\n<\/div>\n","protected":false},"excerpt":{"rendered":"<p>La zazzicchia di Patrica: una cosa tanto buona non poteva che essere stata creata da una donna, nonna Felicola! Una ricetta di famiglia che risale ai primi anni nel &#8216;900 frutto dell&#8217;unione perfetta di ingredienti dei pi\u00f9 ricercati ingredienti di zona: le carni provenienti da maiali locali, il finocchio selvatico dei Monti Lepini che circondano [&hellip;]<\/p>\n","protected":false},"featured_media":2040,"template":"","meta":[],"product_brand":[],"product_cat":[48,96,99],"product_tag":[],"class_list":{"0":"post-2191","1":"product","2":"type-product","3":"status-publish","4":"has-post-thumbnail","6":"product_cat-carni-fresche","7":"product_cat-maiale","8":"product_cat-zazzicchia-fresca","9":"wpisset-post","10":"wpisset-woo-has-gallery","12":"first","13":"instock","14":"taxable","15":"shipping-taxable","16":"purchasable","17":"product-type-variable"},"yoast_head":"<!-- This site is optimized with the Yoast SEO plugin v25.7 - https:\/\/yoast.com\/wordpress\/plugins\/seo\/ -->\n<title>Zazzicchia di Patrica Fresca - Antica Macelleria Pellegrini<\/title>\n<meta name=\"description\" content=\"La salsicccia di Patrica \u00e8 tra le pi\u00f9 rinomate per la qualit\u00e0 delle carni e la ricercatezza degli ingredienti, caratteristiche che ne fanno un prodotto di assoluta eccellenza gastronomica.\" \/>\n<meta name=\"robots\" content=\"index, follow, max-snippet:-1, max-image-preview:large, max-video-preview:-1\" \/>\n<link rel=\"canonical\" href=\"https:\/\/anticamacelleriapellegrini.it\/index.php\/prodotto\/zazzicchia-di-patrica\/\" \/>\n<meta property=\"og:locale\" content=\"it_IT\" \/>\n<meta property=\"og:type\" content=\"article\" \/>\n<meta property=\"og:title\" content=\"Zazzicchia di Patrica Fresca - Antica Macelleria Pellegrini\" \/>\n<meta property=\"og:description\" content=\"La salsicccia di Patrica \u00e8 tra le pi\u00f9 rinomate per la qualit\u00e0 delle carni e la ricercatezza degli ingredienti, caratteristiche che ne fanno un prodotto di assoluta eccellenza gastronomica.\" \/>\n<meta property=\"og:url\" content=\"https:\/\/anticamacelleriapellegrini.it\/index.php\/prodotto\/zazzicchia-di-patrica\/\" \/>\n<meta property=\"og:site_name\" content=\"Antica Macelleria Pellegrini\" \/>\n<meta property=\"article:modified_time\" content=\"2023-03-22T20:32:01+00:00\" \/>\n<meta property=\"og:image\" content=\"https:\/\/anticamacelleriapellegrini.it\/wp-content\/uploads\/2022\/02\/103373139_3253276601359004_630005632841285632_n.jpeg\" \/>\n\t<meta property=\"og:image:width\" content=\"1875\" \/>\n\t<meta property=\"og:image:height\" content=\"1500\" \/>\n\t<meta property=\"og:image:type\" content=\"image\/jpeg\" \/>\n<meta name=\"twitter:card\" content=\"summary_large_image\" \/>\n<script type=\"application\/ld+json\" class=\"yoast-schema-graph\">{\"@context\":\"https:\/\/schema.org\",\"@graph\":[{\"@type\":\"WebPage\",\"@id\":\"https:\/\/anticamacelleriapellegrini.it\/index.php\/prodotto\/zazzicchia-di-patrica\/\",\"url\":\"https:\/\/anticamacelleriapellegrini.it\/index.php\/prodotto\/zazzicchia-di-patrica\/\",\"name\":\"Zazzicchia di Patrica Fresca - Antica Macelleria Pellegrini\",\"isPartOf\":{\"@id\":\"https:\/\/anticamacelleriapellegrini.it\/#website\"},\"primaryImageOfPage\":{\"@id\":\"https:\/\/anticamacelleriapellegrini.it\/index.php\/prodotto\/zazzicchia-di-patrica\/#primaryimage\"},\"image\":{\"@id\":\"https:\/\/anticamacelleriapellegrini.it\/index.php\/prodotto\/zazzicchia-di-patrica\/#primaryimage\"},\"thumbnailUrl\":\"https:\/\/anticamacelleriapellegrini.it\/wp-content\/uploads\/2022\/02\/103373139_3253276601359004_630005632841285632_n.jpeg\",\"datePublished\":\"2022-08-06T17:47:10+00:00\",\"dateModified\":\"2023-03-22T20:32:01+00:00\",\"description\":\"La salsicccia di Patrica \u00e8 tra le pi\u00f9 rinomate per la qualit\u00e0 delle carni e la ricercatezza degli ingredienti, caratteristiche che ne fanno un prodotto di assoluta eccellenza gastronomica.\",\"breadcrumb\":{\"@id\":\"https:\/\/anticamacelleriapellegrini.it\/index.php\/prodotto\/zazzicchia-di-patrica\/#breadcrumb\"},\"inLanguage\":\"it-IT\",\"potentialAction\":[{\"@type\":\"ReadAction\",\"target\":[\"https:\/\/anticamacelleriapellegrini.it\/index.php\/prodotto\/zazzicchia-di-patrica\/\"]}]},{\"@type\":\"ImageObject\",\"inLanguage\":\"it-IT\",\"@id\":\"https:\/\/anticamacelleriapellegrini.it\/index.php\/prodotto\/zazzicchia-di-patrica\/#primaryimage\",\"url\":\"https:\/\/anticamacelleriapellegrini.it\/wp-content\/uploads\/2022\/02\/103373139_3253276601359004_630005632841285632_n.jpeg\",\"contentUrl\":\"https:\/\/anticamacelleriapellegrini.it\/wp-content\/uploads\/2022\/02\/103373139_3253276601359004_630005632841285632_n.jpeg\",\"width\":1875,\"height\":1500},{\"@type\":\"BreadcrumbList\",\"@id\":\"https:\/\/anticamacelleriapellegrini.it\/index.php\/prodotto\/zazzicchia-di-patrica\/#breadcrumb\",\"itemListElement\":[{\"@type\":\"ListItem\",\"position\":1,\"name\":\"Home\",\"item\":\"https:\/\/anticamacelleriapellegrini.it\/\"},{\"@type\":\"ListItem\",\"position\":2,\"name\":\"Shop\",\"item\":\"https:\/\/anticamacelleriapellegrini.it\/index.php\/negozio\/\"},{\"@type\":\"ListItem\",\"position\":3,\"name\":\"Zazzicchia di Patrica Fresca\"}]},{\"@type\":\"WebSite\",\"@id\":\"https:\/\/anticamacelleriapellegrini.it\/#website\",\"url\":\"https:\/\/anticamacelleriapellegrini.it\/\",\"name\":\"Antica Macelleria Pellegrini\",\"description\":\"\",\"publisher\":{\"@id\":\"https:\/\/anticamacelleriapellegrini.it\/#organization\"},\"potentialAction\":[{\"@type\":\"SearchAction\",\"target\":{\"@type\":\"EntryPoint\",\"urlTemplate\":\"https:\/\/anticamacelleriapellegrini.it\/?s={search_term_string}\"},\"query-input\":{\"@type\":\"PropertyValueSpecification\",\"valueRequired\":true,\"valueName\":\"search_term_string\"}}],\"inLanguage\":\"it-IT\"},{\"@type\":\"Organization\",\"@id\":\"https:\/\/anticamacelleriapellegrini.it\/#organization\",\"name\":\"Antica Macelleria Pellegrini\",\"url\":\"https:\/\/anticamacelleriapellegrini.it\/\",\"logo\":{\"@type\":\"ImageObject\",\"inLanguage\":\"it-IT\",\"@id\":\"https:\/\/anticamacelleriapellegrini.it\/#\/schema\/logo\/image\/\",\"url\":\"https:\/\/anticamacelleriapellegrini.it\/wp-content\/uploads\/2021\/10\/cropped-pellegr-1.png\",\"contentUrl\":\"https:\/\/anticamacelleriapellegrini.it\/wp-content\/uploads\/2021\/10\/cropped-pellegr-1.png\",\"width\":2500,\"height\":1196,\"caption\":\"Antica Macelleria Pellegrini\"},\"image\":{\"@id\":\"https:\/\/anticamacelleriapellegrini.it\/#\/schema\/logo\/image\/\"}}]}<\/script>\n<!-- \/ Yoast SEO plugin. -->","yoast_head_json":{"title":"Zazzicchia di Patrica Fresca - Antica Macelleria Pellegrini","description":"La salsicccia di Patrica \u00e8 tra le pi\u00f9 rinomate per la qualit\u00e0 delle carni e la ricercatezza degli ingredienti, caratteristiche che ne fanno un prodotto di assoluta eccellenza gastronomica.","robots":{"index":"index","follow":"follow","max-snippet":"max-snippet:-1","max-image-preview":"max-image-preview:large","max-video-preview":"max-video-preview:-1"},"canonical":"https:\/\/anticamacelleriapellegrini.it\/index.php\/prodotto\/zazzicchia-di-patrica\/","og_locale":"it_IT","og_type":"article","og_title":"Zazzicchia di Patrica Fresca - Antica Macelleria Pellegrini","og_description":"La salsicccia di Patrica \u00e8 tra le pi\u00f9 rinomate per la qualit\u00e0 delle carni e la ricercatezza degli ingredienti, caratteristiche che ne fanno un prodotto di assoluta eccellenza gastronomica.","og_url":"https:\/\/anticamacelleriapellegrini.it\/index.php\/prodotto\/zazzicchia-di-patrica\/","og_site_name":"Antica Macelleria Pellegrini","article_modified_time":"2023-03-22T20:32:01+00:00","og_image":[{"width":1875,"height":1500,"url":"https:\/\/anticamacelleriapellegrini.it\/wp-content\/uploads\/2022\/02\/103373139_3253276601359004_630005632841285632_n.jpeg","type":"image\/jpeg"}],"twitter_card":"summary_large_image","schema":{"@context":"https:\/\/schema.org","@graph":[{"@type":"WebPage","@id":"https:\/\/anticamacelleriapellegrini.it\/index.php\/prodotto\/zazzicchia-di-patrica\/","url":"https:\/\/anticamacelleriapellegrini.it\/index.php\/prodotto\/zazzicchia-di-patrica\/","name":"Zazzicchia di Patrica Fresca - Antica Macelleria Pellegrini","isPartOf":{"@id":"https:\/\/anticamacelleriapellegrini.it\/#website"},"primaryImageOfPage":{"@id":"https:\/\/anticamacelleriapellegrini.it\/index.php\/prodotto\/zazzicchia-di-patrica\/#primaryimage"},"image":{"@id":"https:\/\/anticamacelleriapellegrini.it\/index.php\/prodotto\/zazzicchia-di-patrica\/#primaryimage"},"thumbnailUrl":"https:\/\/anticamacelleriapellegrini.it\/wp-content\/uploads\/2022\/02\/103373139_3253276601359004_630005632841285632_n.jpeg","datePublished":"2022-08-06T17:47:10+00:00","dateModified":"2023-03-22T20:32:01+00:00","description":"La salsicccia di Patrica \u00e8 tra le pi\u00f9 rinomate per la qualit\u00e0 delle carni e la ricercatezza degli ingredienti, caratteristiche che ne fanno un prodotto di assoluta eccellenza gastronomica.","breadcrumb":{"@id":"https:\/\/anticamacelleriapellegrini.it\/index.php\/prodotto\/zazzicchia-di-patrica\/#breadcrumb"},"inLanguage":"it-IT","potentialAction":[{"@type":"ReadAction","target":["https:\/\/anticamacelleriapellegrini.it\/index.php\/prodotto\/zazzicchia-di-patrica\/"]}]},{"@type":"ImageObject","inLanguage":"it-IT","@id":"https:\/\/anticamacelleriapellegrini.it\/index.php\/prodotto\/zazzicchia-di-patrica\/#primaryimage","url":"https:\/\/anticamacelleriapellegrini.it\/wp-content\/uploads\/2022\/02\/103373139_3253276601359004_630005632841285632_n.jpeg","contentUrl":"https:\/\/anticamacelleriapellegrini.it\/wp-content\/uploads\/2022\/02\/103373139_3253276601359004_630005632841285632_n.jpeg","width":1875,"height":1500},{"@type":"BreadcrumbList","@id":"https:\/\/anticamacelleriapellegrini.it\/index.php\/prodotto\/zazzicchia-di-patrica\/#breadcrumb","itemListElement":[{"@type":"ListItem","position":1,"name":"Home","item":"https:\/\/anticamacelleriapellegrini.it\/"},{"@type":"ListItem","position":2,"name":"Shop","item":"https:\/\/anticamacelleriapellegrini.it\/index.php\/negozio\/"},{"@type":"ListItem","position":3,"name":"Zazzicchia di Patrica Fresca"}]},{"@type":"WebSite","@id":"https:\/\/anticamacelleriapellegrini.it\/#website","url":"https:\/\/anticamacelleriapellegrini.it\/","name":"Antica Macelleria Pellegrini","description":"","publisher":{"@id":"https:\/\/anticamacelleriapellegrini.it\/#organization"},"potentialAction":[{"@type":"SearchAction","target":{"@type":"EntryPoint","urlTemplate":"https:\/\/anticamacelleriapellegrini.it\/?s={search_term_string}"},"query-input":{"@type":"PropertyValueSpecification","valueRequired":true,"valueName":"search_term_string"}}],"inLanguage":"it-IT"},{"@type":"Organization","@id":"https:\/\/anticamacelleriapellegrini.it\/#organization","name":"Antica Macelleria Pellegrini","url":"https:\/\/anticamacelleriapellegrini.it\/","logo":{"@type":"ImageObject","inLanguage":"it-IT","@id":"https:\/\/anticamacelleriapellegrini.it\/#\/schema\/logo\/image\/","url":"https:\/\/anticamacelleriapellegrini.it\/wp-content\/uploads\/2021\/10\/cropped-pellegr-1.png","contentUrl":"https:\/\/anticamacelleriapellegrini.it\/wp-content\/uploads\/2021\/10\/cropped-pellegr-1.png","width":2500,"height":1196,"caption":"Antica Macelleria Pellegrini"},"image":{"@id":"https:\/\/anticamacelleriapellegrini.it\/#\/schema\/logo\/image\/"}}]}},"jetpack_sharing_enabled":true,"_links":{"self":[{"href":"https:\/\/anticamacelleriapellegrini.it\/index.php\/wp-json\/wp\/v2\/product\/2191","targetHints":{"allow":["GET"]}}],"collection":[{"href":"https:\/\/anticamacelleriapellegrini.it\/index.php\/wp-json\/wp\/v2\/product"}],"about":[{"href":"https:\/\/anticamacelleriapellegrini.it\/index.php\/wp-json\/wp\/v2\/types\/product"}],"wp:featuredmedia":[{"embeddable":true,"href":"https:\/\/anticamacelleriapellegrini.it\/index.php\/wp-json\/wp\/v2\/media\/2040"}],"wp:attachment":[{"href":"https:\/\/anticamacelleriapellegrini.it\/index.php\/wp-json\/wp\/v2\/media?parent=2191"}],"wp:term":[{"taxonomy":"product_brand","embeddable":true,"href":"https:\/\/anticamacelleriapellegrini.it\/index.php\/wp-json\/wp\/v2\/product_brand?post=2191"},{"taxonomy":"product_cat","embeddable":true,"href":"https:\/\/anticamacelleriapellegrini.it\/index.php\/wp-json\/wp\/v2\/product_cat?post=2191"},{"taxonomy":"product_tag","embeddable":true,"href":"https:\/\/anticamacelleriapellegrini.it\/index.php\/wp-json\/wp\/v2\/product_tag?post=2191"}],"curies":[{"name":"wp","href":"https:\/\/api.w.org\/{rel}","templated":true}]}}